   {"id":5588,"date":"2021-11-23T10:37:15","date_gmt":"2021-11-23T09:37:15","guid":{"rendered":"https:\/\/olioleone.com\/shop\/?page_id=5588"},"modified":"2021-11-23T11:14:12","modified_gmt":"2021-11-23T10:14:12","slug":"privacy","status":"publish","type":"page","link":"https:\/\/olioleone.com\/shop\/privacy\/","title":{"rendered":"Privacy"},"content":{"rendered":"\t\t<div data-elementor-type=\"wp-page\" data-elementor-id=\"5588\" class=\"elementor elementor-5588\" data-elementor-settings=\"[]\">\n\t\t\t\t\t\t\t<div class=\"elementor-section-wrap\">\n\t\t\t\t\t\t\t<section class=\"elementor-section elementor-top-section elementor-element elementor-element-b5ebd60 elementor-section-boxed elementor-section-height-default elementor-section-height-default\" data-id=\"b5ebd60\" data-element_type=\"section\">\n\t\t\t\t\t\t<div class=\"elementor-container elementor-column-gap-default\">\n\t\t\t\t\t<div class=\"elementor-column elementor-col-100 elementor-top-column elementor-element elementor-element-f1dda5e\" data-id=\"f1dda5e\" data-element_type=\"column\">\n\t\t\t<div class=\"elementor-widget-wrap elementor-element-populated\">\n\t\t\t\t\t\t\t\t<div class=\"elementor-element elementor-element-fcf7df7 elementor-widget elementor-widget-shortcode\" data-id=\"fcf7df7\" data-element_type=\"widget\" data-widget_type=\"shortcode.default\">\n\t\t\t\t<div class=\"elementor-widget-container\">\n\t\t\t\t\t<div class=\"elementor-shortcode\">\n<!-- Legal document generated by Complianz | GDPR\/CCPA Cookie Consent https:\/\/wordpress.org\/plugins\/complianz-gdpr -->\n<div id=\"cmplz-document\" class=\"cmplz-document privacy-statement\"><p><i>Questa dichiarazione sulla privacy \u00e8 stata aggiornata l'ultima volta il 28 Novembre 2021 e si applica ai cittadini e ai residenti permanenti legali dello Spazio economico europeo.<\/i><br><\/p><p><p>In questa dichiarazione sulla privacy, spieghiamo cosa facciamo con i dati che otteniamo da te attraverso <a href=\"https:\/\/olioleone.com\/shop\">https:\/\/olioleone.com\/shop<\/a>. Ti consigliamo di leggere attentamente la dichiarazione. Durante l'elaborazione rispettiamo i requisiti della legislazione sulla privacy. Ci\u00f2 significa, tra le altre cose, che:<\/p><ul>\n                <li>comunichiamo chiaramente il motivo per il quale processiamo dati personali. Facciamo questo per mezzo di questa dichiarazione sulla privacy;<\/li>\n                <li>miriamo a limitare la raccolta di dati personali solo ai dati personali richiesti per scopi legittimi;<\/li>\n                <li>prima chiediamo il tuo esplicito consenso per processare i tuoi dati personali nei casi che richiedono il tuo consenso;<\/li>\n                <li>adottiamo misure di sicurezza appropriate per proteggere i tuoi dati personali e lo richiediamo anche da parti che elaborano dati personali per nostro conto;<\/li>\n                <li>rispettiamo il tuo diritto di accesso ai tuoi dati personali o di averli corretti o cancellati, su tua richiesta.<\/li>\n            <\/ul><p>Se hai domande o vuoi sapere esattamente quali dati conserviamo, contattaci.<\/p><\/p><h2>1. Scopo, dati e periodo di conservazione<\/h2>Possiamo raccogliere o ricevere informazioni personali per una serie di scopi legati alle nostre operazioni commerciali che possono includere quanto segue: (clicca per espandere)&nbsp;<details class=\"cmplz-dropdown dropdown-privacy-statement\"><summary><div><h3>1.1 Pagamenti<\/h3><\/div><\/summary><p class=\"cmplz-subtitle\">Per questo scopo usiamo i seguenti dati:<\/p><p><ul><li>Nome, Indirizzo e Citt\u00e1<\/li><li>Indirizzo email<\/li><li>Numero di telefono<\/li><li>Altro:<\/li><\/ul><\/p><p class=\"cmplz-indent\">Codice Fiscale e Partita IVA<\/p><p class=\"cmplz-subtitle\">La base con la quale processiamo i dati \u00e8:<\/p><p><a target=\"_blank\" rel=\"noopener noreferrer nofollow\" href=\"https:\/\/cookiedatabase.org\/legal-bases\/#consent\">Su disposizione del consenso.<\/a><\/p><p class=\"cmplz-subtitle\">Periodo di conservazione<\/p><p>Conserviamo questi dati fino al termine del servizio.<\/p><\/details><details class=\"cmplz-dropdown dropdown-privacy-statement\"><summary><div><h3>1.2 Registrazione account<\/h3><\/div><\/summary><p class=\"cmplz-subtitle\">Per questo scopo usiamo i seguenti dati:<\/p><p><ul><li>Indirizzo email<\/li><\/ul><\/p><p class=\"cmplz-subtitle\">La base con la quale processiamo i dati \u00e8:<\/p><p><a target=\"_blank\" rel=\"noopener noreferrer nofollow\" href=\"https:\/\/cookiedatabase.org\/legal-bases\/#consent\">Su disposizione del consenso.<\/a><\/p><p class=\"cmplz-subtitle\">Periodo di conservazione<\/p><p>Conserviamo questi dati fino al termine del servizio.<\/p><\/details><details class=\"cmplz-dropdown dropdown-privacy-statement\"><summary><div><h3>1.3 Newsletter<\/h3><\/div><\/summary><p class=\"cmplz-subtitle\">Per questo scopo usiamo i seguenti dati:<\/p><p><ul><li>Indirizzo email<\/li><\/ul><\/p><p class=\"cmplz-subtitle\">La base con la quale processiamo i dati \u00e8:<\/p><p><a target=\"_blank\" rel=\"noopener noreferrer nofollow\" href=\"https:\/\/cookiedatabase.org\/legal-bases\/#consent\">Su disposizione del consenso.<\/a><\/p><p class=\"cmplz-subtitle\">Periodo di conservazione<\/p><p>Conserviamo questi dati fino al termine del servizio.<\/p><\/details><details class=\"cmplz-dropdown dropdown-privacy-statement\"><summary><div><h3>1.4 Recapiti<\/h3><\/div><\/summary><p class=\"cmplz-subtitle\">Per questo scopo usiamo i seguenti dati:<\/p><p><ul><li>Nome, Indirizzo e Citt\u00e1<\/li><li>Indirizzo email<\/li><li>Altro:<\/li><\/ul><\/p><p class=\"cmplz-indent\">Codice Fiscale o P. IVA<\/p><p class=\"cmplz-subtitle\">La base con la quale processiamo i dati \u00e8:<\/p><p><a target=\"_blank\" rel=\"noopener noreferrer nofollow\" href=\"https:\/\/cookiedatabase.org\/legal-bases\/#consent\">Su disposizione del consenso.<\/a><\/p><p class=\"cmplz-subtitle\">Periodo di conservazione<\/p><p>Conserviamo questi dati fino al termine del servizio.<\/p><\/details><h2>2. Cookie<\/h2><p>Il nostro sito web usa cookie. Per ulteriori informazioni riguardo i cookie, per favore fai riferimento alla nostra <a href=\"https:\/\/olioleone.com\/shop\/cookie\/\">Cookie Policy<\/a>.&nbsp;<\/p><p>Abbiamo concluso un accordo di elaborazione dei dati con Google.<\/p><p>Google non pu\u00f2 utilizzare i dati per altri servizi di Google.<\/p><p>L'inclusione di indirizzi IP interi \u00e8 bloccato da noi.<\/p><h2>3. Sicurezza<\/h2><p>Ci impegniamo per la sicurezza dei dati personali. Prendiamo adeguate misure di sicurezza per limitare l'abuso e l'accesso non autorizzato ai dati personali. Ci\u00f2 garantisce che solo le persone necessarie abbiano accesso ai tuoi dati, che l'accesso ai dati sia protetto e che le nostre misure di sicurezza vengano regolarmente riviste.<\/p><h2>4. Siti web di terze parti<\/h2><p>Questa dichiarazione sulla privacy non si applica ai siti web di terzi collegati tramite link sul nostro sito web. Non possiamo garantire che queste terze parti gestiscano i vostri dati personali in modo affidabile e sicuro. Vi consigliamo di leggere le dichiarazioni sulla privacy di questi siti web prima di utilizzarli.<\/p><h2>5. Ammende riguardo questa dichiarazione della privacy.<\/h2><p>Ci riserviamo il diritto di apportare modifiche alla presente dichiarazione sulla privacy. Si raccomanda di consultare regolarmente questa dichiarazione sulla privacy per essere a conoscenza di eventuali modifiche. Inoltre, ti informeremo attivamente laddove possibile.<\/p><h2>6. Accesso e modifica dei tuoi dati<\/h2><p>Se hai domande o vuoi sapere esattamente quali dati personali abbiamo su di te, per favore contattaci. <\/p><ul>\n                <li>Hai il diritto di sapere quando i tuoi dati personali sono necessari, cosa succede ad essi, quanto a lungo verranno mantenuti.<\/li>\n                <li>Diritto di accesso: hai il diritto ad accedere ai tuoi dati personali dei quali siamo a conoscenza.<\/li>\n                <li>Diritto di rettifica: hai il diritto di completare, correggere, cancellare o bloccare i tuoi dati personali quando lo desideri.<\/li>\n                <li>Se hai domande o problemi relativi al accessibilit\u00e0 del sito web, per favore non esitare a contattarci.<\/li>\n                <li>Diritto di trasferire i tuoi dati: hai il diritto di richiedere tutti i tuoi dati dal controllore e trasferirli tutti quanti ad un altro controllore.<\/li>\n                <li>Diritto di obiezione: hai il diritto di obiezione verso il processo dei tuoi dati. Noi rispetteremo questa scelta, a meno che non ci siano delle basi valide per il processo.<\/li>\n            <\/ul><p>Assicurati di segnalare sempre in modo chiaro chi sei, cos\u00ec da essere certi di non cancellare o modificare i dati di un una persona sbagliata.<\/p><h2>7. Invio di un reclamo<\/h2><p>Se non sei soddisfatto di come gestiamo (una lamentela su) il processo dei tuoi dati personali, hai il diritto di spedire un reclamo al Garante per la protezione dei dati personali.<\/p><h2>8. Dettagli contatti<\/h2><p>Oleificio Leone Rita<br>\n        C.da S.Elia Donnici Inferiore, 1<br>\n        Italia<br>\n        Sito web: <a href=\"https:\/\/olioleone.com\/shop\">https:\/\/olioleone.com\/shop<\/a> <br>\n        Email: <span class=\"cmplz-obfuscate\">moc&#x2e;enoe&#x6c;oilo&#x40;ycav&#x69;r&#112;<\/span> <br>\n        Numero di telefono: 3477618851<br><\/p><h2>Annesso<\/h2><p><h3>WooCommerce<\/h3>\r\n<div class=\"wp-suggested-text\">\r\n<p class=\"privacy-policy-tutorial\">Questo linguaggio campione include gli elementi di base su raccolta dei dati personali, la memorizzazione e la condivisione, nonch\u00e9 su chi \u00e8 autorizzato ad accedere a tali dati. In base alle impostazioni abilitate e ai plugin aggiuntivi utilizzati, le informazioni specifiche condivise dal nostro negozio possono variare. Ti consigliamo di consultare un legale al momento di decidere quali informazioni divulgare sulla tua informativa sulla privacy.<\/p>\r\nDurante la procedura di pagamento nel nostro negozio raccogliamo informazioni su di te.\r\n<h2>Cosa raccogliamo e salviamo<\/h2>\r\nMentre visiti il nostro sito, tracciamo:\r\n<ul>\r\n \t<li>I prodotti che hai visualizzato: useremo queste informazioni per, ad esempio, mostrarti i prodotti che hai visualizzato di recente<\/li>\r\n \t<li>Posizione, indirizzo IP e tipo di browser: useremo queste informazioni per una stima di imposte e spedizione<\/li>\r\n \t<li>Indirizzo di spedizione: ti chiederemo di inserirlo per, ad esempio, stimare la spedizione prima che tu effettui l\u2019ordine e per inviarti quanto acquistato!<\/li>\r\n<\/ul>\r\nUseremo i cookie anche per tenere traccia del contenuto del carrello mentre stai navigando sul nostro sito.\r\n<p class=\"privacy-policy-tutorial\">Nota: per ulteriori dettagli sulla informativa sui cookie, da qui verrai collegato alla sezione.<\/p>\r\nQuando effettui un acquisto presso di noi, ti invitiamo a fornire informazioni quali nome, indirizzo di fatturazione, indirizzo di spedizione, indirizzo e-mail, numero di telefono, numero di carta di credito\/dettagli del pagamento e informazioni opzionali sull\u2019account, come il nome utente e la password. Useremo queste informazioni per scopi quali:\r\n<ul>\r\n \t<li>Ti inviamo informazioni sull\u2019account e sull\u2019ordine<\/li>\r\n \t<li>Rispondiamo alle tue richieste, inclusi reclami e rimborsi<\/li>\r\n \t<li>Elaborazione dei pagamenti e prevenzione delle frodi<\/li>\r\n \t<li>Configura il tuo account per il nostro negozio<\/li>\r\n \t<li>Rispetta tutti gli obblighi legali a nostro carico, come il calcolo delle imposte<\/li>\r\n \t<li>Migliora le offerte del nostro negozio<\/li>\r\n \t<li>Invio di messaggi di marketing, se scegli di riceverli<\/li>\r\n<\/ul>\r\nSe crei un account, archivieremo il tuo nome, indirizzo, email e numero di telefono: questi dati verranno poi usati per popolare la cassa nei tuoi ordini futuri.\r\n\r\nIn generale conserviamo le tue informazioni finch\u00e9 ne abbiamo bisogno per le finalit\u00e0 per le quali raccogliamo e utilizziamo i dati e finch\u00e9 siamo legalmente tenuti a continuare a mantenerli. Ad esempio, archiviamo le informazioni sull\u2019ordine per XXX anni per ragioni fiscali e di contabilit\u00e0. Tali informazioni includono nome, indirizzo e-mail e indirizzi di fatturazione e spedizione.\r\n\r\nArchiviamo anche commenti e recensioni, se scegli di lasciarceli.\r\n<h2>Persone del nostro team che hanno accesso<\/h2>\r\nI membri del nostro team hanno accesso alle informazioni che ci fornisci. Per esempio, sia gli amministratori che gli shop manager possono accedere a:\r\n<ul>\r\n \t<li>Informazioni sull\u2019ordine quali, oggetto acquistato, data di acquisto e luogo di spedizione e<\/li>\r\n \t<li>Informazioni sul cliente come il tuo nome, indirizzo email e informazioni di fatturazione e spedizione.<\/li>\r\n<\/ul>\r\nI membri del nostro team hanno accesso a queste informazioni per aiutare a soddisfare gli ordini, elaborare i rimborsi e supportarti.\r\n<h2>Cosa condividiamo con gli altri<\/h2>\r\n<p class=\"privacy-policy-tutorial\">In questa sezione devi elencare con chi condividi i dati e a quale scopo. Potrebbero includere, ma non limitarsi a questo, analisi, marketing, gateway di pagamento, fornitori di spedizioni e incorporazioni di terze parti.<\/p>\r\nCondividiamo le informazioni con terze parti che ci aiutano a fornire servizi del negozio e per gli ordini; ad esempio --\r\n<h3>Pagamenti<\/h3>\r\n<p class=\"privacy-policy-tutorial\">In questa sezione secondaria, devi elencare i processori di pagamento di terze parti che utilizzi per i pagamenti sul tuo negozio poich\u00e9 questi potrebbero gestire i dati dei clienti. Abbiamo incluso PayPal come esempio, ma se non usi PayPal puoi rimuoverlo.<\/p>\r\nAccettiamo pagamenti tramite PayPal. Durante l'elaborazione dei pagamenti, alcuni dati vengono trasferiti a PayPal, incluse le informazioni necessarie per elaborare o supportare il pagamento, come il totale degli acquisti e i dati di fatturazione.\r\n\r\nPer ulteriori dettagli, consulta la <a href=\"https:\/\/www.paypal.com\/us\/webapps\/mpp\/ua\/privacy-full\"> privacy policy di PayPal <\/a>.\r\n\r\n<\/div>\r\n<h3>Complianz | The Privacy Suite for WordPress<\/h3>\r\nQuesto sito web utilizza la Privacy Suite per WordPress di Complianz per raccogliere e registrare il consenso basato su browser e dispositivi. Per questa funzionalit\u00e0, il tuo indirizzo IP viene anonimizzato e conservato nel nostro database.\u00a0Questo servizio non tratta alcuna informazione personale identificabile e non condivide alcun dato con il fornitore del servizio.\u00a0Per ulteriori informazioni, vedere la <a href=\"https:\/\/complianz.io\/legal\/privacy-statement\/\">Dichiarazione sulla Privacy<\/a> di Complianz.\r\n<h3>MailChimp for WooCommerce<\/h3>\r\nQuando acquisti, conserviamo una registrazione della tua email e del contenuto del carrello per un massimo di 30 giorni sul nostro server. Questo record viene conservato per ripopolare il contenuto del tuo carrello se cambi dispositivo o se hai bisogno di tornare un altro giorno. Leggi la nostra politica sulla privacy <a href=\"https:\/\/mailchimp.com\/legal\/privacy\/\">qui<\/a>.\r\n<h3>Amazon Pay &amp; Login with Amazon<\/h3>\r\nUtilizzando questa estensione, potresti archiviare dati personali o condividere dati con un servizio esterno. <a href=\"https:\/\/docs.woocommerce.com\/document\/privacy-payments\/#woocommerce-gateway-amazon-payments-advanced\" target=\"_blank\" rel=\"noopener\">\r\nScopri di pi\u00f9 su come funziona, incluso ci\u00f2 che potresti voler includere nella tua politica sulla privacy.<\/a>\r\n<h3>Loco Translate<\/h3>\r\nQuesto plugin non raccoglie alcun dato dai visitatori del sito web pubblico.\r\nAmministratori e revisori potrebbero voler rivedere l'<a href=\"https:\/\/localise.biz\/wordpress\/plugin\/privacy\">informativa sulla privacy del plugin<\/a> di Loco.\r\n<h3>Slider Revolution<\/h3>\r\n<h2>Nel caso in cui utilizzi Google Web Fonts (impostazione predefinita) o riproduci video o suoni tramite YouTube o Vimeo in Slider Revolution, ti consigliamo di aggiungere la frase di testo corrispondente alla tua privacy policy:<\/h2>\r\n<h3>YouTube<\/h3>\r\nIl nostro sito web utilizza plugin di YouTube, che \u00e8 gestito da Google. Il gestore delle pagine \u00e8 YouTube LLC, 901 Cherry Ave., San Bruno, CA 94066, USA.\r\n\r\nSe visiti una delle nostre pagine con un plug-in di YouTube, viene stabilita una connessione ai server di YouTube. Qui il server di YouTube viene informato su quale delle nostre pagine hai visitato.\r\n\r\nSe hai effettuato l'accesso al tuo account YouTube, YouTube ti consente di associare il tuo comportamento di navigazione direttamente al tuo profilo personale. Puoi impedirlo effettuando il logout dal tuo account YouTube.\r\n\r\nYouTube viene utilizzato per contribuire a rendere attraente il nostro sito web. Ci\u00f2 costituisce un legittimo interesse ai sensi dell'art. 6 (1) (f) DSGVO.\r\n\r\nUlteriori informazioni sulla gestione dei dati dell'utente sono disponibili nella dichiarazione sulla protezione dei dati di YouTube sotto <a href=\"https:\/\/www.google.de\/intl\/de\/policies\/privacy\" target=\"_blank\" rel=\"noopener\">https:\/\/www.google.de\/intl\/de\/policies\/privacy<\/a>.\r\n<h3>Vimeo<\/h3>\r\nIl nostro sito Web utilizza le funzionalit\u00e0 fornite dal portale video Vimeo. Questo servizio \u00e8 fornito da Vimeo Inc., 555 West 18th Street, New York, New York 10011, USA.\r\n\r\nSe visiti una delle nostre pagine con un plug-in Vimeo, viene stabilita una connessione ai server Vimeo. Qui il server Vimeo viene informato su quale delle nostre pagine hai visitato. Inoltre, Vimeo ricever\u00e0 il tuo indirizzo IP. Questo vale anche se non hai effettuato l'accesso a Vimeo quando visiti il \u200b\u200bnostro plugin o non hai un account Vimeo. Le informazioni vengono trasmesse a un server Vimeo negli Stati Uniti, dove vengono archiviate.\r\n\r\nSe hai effettuato l'accesso al tuo account Vimeo, Vimeo ti consente di associare il tuo comportamento di navigazione direttamente al tuo profilo personale. Puoi impedirlo disconnettendoti dal tuo account Vimeo.\r\n\r\nPer ulteriori informazioni su come gestire i dati dell'utente, fare riferimento all'Informativa sulla privacy di Vimeo all'indirizzo\r\n<a href=\"https:\/\/vimeo.com\/privacy\" target=\"_blank\" rel=\"noopener\">https:\/\/vimeo.com\/privacy<\/a>.\r\n<h3>Google Web Fonts<\/h3>\r\nPer una rappresentazione uniforme dei caratteri, questa pagina utilizza i caratteri web forniti da Google. Quando apri una pagina, il tuo browser carica i caratteri web richiesti nella cache del browser per visualizzare correttamente testi e caratteri.\r\n\r\nA tal fine il tuo browser deve stabilire una connessione diretta ai server di Google. Google viene cos\u00ec a conoscenza che la nostra pagina web \u00e8 stata visitata tramite il tuo indirizzo IP. L'uso dei caratteri Web di Google viene effettuato nell'interesse di una presentazione uniforme e attraente del nostro plugin. Ci\u00f2 costituisce un legittimo interesse ai sensi dell'art. 6 (1) (f) DSGVO.\r\n\r\nSe il tuo browser non supporta i caratteri web, il tuo computer utilizza un carattere standard.\r\n\r\nUlteriori informazioni sulla gestione dei dati dell'utente sono disponibili su\r\n<a href=\"https:\/\/developers.google.com\/fonts\/faq\" target=\"_blank\" rel=\"noopener\">https:\/\/developers.google.com\/fonts\/faq<\/a> e nell'informativa sulla privacy di Google su <a href=\"https:\/\/www.google.com\/policies\/privacy\/\" target=\"_blank\" rel=\"noopener\">https:\/\/www.google.com\/policies\/privacy\/<\/a>.\r\n<h3>SoundCloud<\/h3>\r\nSulle nostre pagine possono essere integrati plugin del social network SoundCloud (SoundCloud Limited, Berners House, 47-48 Berners Street, London W1T 3NF, UK). I plugin SoundCloud sono riconoscibili dal logo SoundCloud sul nostro sito.\r\n\r\nQuando visiti il \u200b\u200bnostro sito, tramite il plugin viene stabilita una connessione diretta tra il tuo browser e il server SoundCloud. Ci\u00f2 consente a SoundCloud di ricevere informazioni che hai visitato il nostro sito dal tuo indirizzo IP. Se fai clic sui pulsanti \"Mi piace\" o \"Condividi\" mentre sei connesso al tuo account SoundCloud, puoi collegare il contenuto delle nostre pagine al tuo profilo SoundCloud. Ci\u00f2 significa che SoundCloud pu\u00f2 associare le visite alle nostre pagine al tuo account utente. Ci teniamo a precisare che, in qualit\u00e0 di provider di queste pagine, non siamo a conoscenza del contenuto dei dati trasmessi n\u00e9 di come verranno utilizzati da SoundCloud. Per ulteriori informazioni sulla politica sulla privacy di SoundCloud, vai su https:\/\/soundcloud.com\/pages\/privacy.\r\n\r\nIIf you do not want SoundCloud to associate your visit to our site with your SoundCloud account, please log out of your SoundCloud account.<\/p><\/div>\n<\/div>\n\t\t\t\t<\/div>\n\t\t\t\t<\/div>\n\t\t\t\t\t<\/div>\n\t\t<\/div>\n\t\t\t\t\t\t\t<\/div>\n\t\t<\/section>\n\t\t\t\t\t\t<\/div>\n\t\t\t\t\t<\/div>\n\t\t","protected":false},"excerpt":{"rendered":"","protected":false},"author":1,"featured_media":0,"parent":0,"menu_order":0,"comment_status":"closed","ping_status":"closed","template":"","meta":{"spay_email":""},"_links":{"self":[{"href":"https:\/\/olioleone.com\/shop\/wp-json\/wp\/v2\/pages\/5588"}],"collection":[{"href":"https:\/\/olioleone.com\/shop\/wp-json\/wp\/v2\/pages"}],"about":[{"href":"https:\/\/olioleone.com\/shop\/wp-json\/wp\/v2\/types\/page"}],"author":[{"embeddable":true,"href":"https:\/\/olioleone.com\/shop\/wp-json\/wp\/v2\/users\/1"}],"replies":[{"embeddable":true,"href":"https:\/\/olioleone.com\/shop\/wp-json\/wp\/v2\/comments?post=5588"}],"version-history":[{"count":8,"href":"https:\/\/olioleone.com\/shop\/wp-json\/wp\/v2\/pages\/5588\/revisions"}],"predecessor-version":[{"id":5605,"href":"https:\/\/olioleone.com\/shop\/wp-json\/wp\/v2\/pages\/5588\/revisions\/5605"}],"wp:attachment":[{"href":"https:\/\/olioleone.com\/shop\/wp-json\/wp\/v2\/media?parent=5588"}],"curies":[{"name":"wp","href":"https:\/\/api.w.org\/{rel}","templated":true}]}}