   {"id":5740,"date":"2021-11-28T11:26:56","date_gmt":"2021-11-28T10:26:56","guid":{"rendered":"https:\/\/olioleone.com\/shop\/?page_id=5740"},"modified":"2021-11-28T11:27:53","modified_gmt":"2021-11-28T10:27:53","slug":"dichiarazione-sulla-privacy-uk","status":"publish","type":"page","link":"https:\/\/olioleone.com\/shop\/dichiarazione-sulla-privacy-uk\/","title":{"rendered":"Dichiarazione sulla Privacy (UK)"},"content":{"rendered":"\t\t<div data-elementor-type=\"wp-page\" data-elementor-id=\"5740\" class=\"elementor elementor-5740\" data-elementor-settings=\"[]\">\n\t\t\t\t\t\t\t<div class=\"elementor-section-wrap\">\n\t\t\t\t\t\t\t<section class=\"elementor-section elementor-top-section elementor-element elementor-element-694b6bc elementor-section-boxed elementor-section-height-default elementor-section-height-default\" data-id=\"694b6bc\" data-element_type=\"section\">\n\t\t\t\t\t\t<div class=\"elementor-container elementor-column-gap-default\">\n\t\t\t\t\t<div class=\"elementor-column elementor-col-100 elementor-top-column elementor-element elementor-element-4a3afb0\" data-id=\"4a3afb0\" data-element_type=\"column\">\n\t\t\t<div class=\"elementor-widget-wrap elementor-element-populated\">\n\t\t\t\t\t\t\t\t<div class=\"elementor-element elementor-element-5e431af elementor-widget elementor-widget-shortcode\" data-id=\"5e431af\" data-element_type=\"widget\" data-widget_type=\"shortcode.default\">\n\t\t\t\t<div class=\"elementor-widget-container\">\n\t\t\t\t\t<div class=\"elementor-shortcode\">\n<!-- Legal document generated by Complianz | GDPR\/CCPA Cookie Consent https:\/\/wordpress.org\/plugins\/complianz-gdpr -->\n<div id=\"cmplz-document\" class=\"cmplz-document privacy-statement\"><p><i>This privacy statement was last updated on 28 Novembre 2021 and applies to citizens and legal permanent residents of the United Kingdom.<\/i><br><\/p><p>In this privacy statement, we explain what we do with the data we obtain about you via <a href=\"https:\/\/olioleone.com\/shop\">https:\/\/olioleone.com\/shop<\/a>. We recommend you carefully read this statement. In our processing we comply with the requirements of privacy legislation. That means, among other things, that:<\/p><ul>\n                <li>we clearly state the purposes for which we process personal data. We do this by means of this privacy statement;<\/li>\n                <li>we aim to limit our collection of personal data to only the personal data required for legitimate purposes;<\/li>\n                <li>we first request your explicit consent to process your personal data in cases requiring your consent;<\/li>\n                <li>we take appropriate security measures to protect your personal data and also require this from parties that process personal data on our behalf;<\/li>\n                <li>we respect your right to access your personal data or have it corrected or deleted, at your request.<\/li>\n            <\/ul><p>If you have any questions, or want to know exactly what data we keep of you, please contact us.<\/p><h2>1. Scopo, dati e periodo di conservazione<\/h2>Possiamo raccogliere o ricevere informazioni personali per una serie di scopi legati alle nostre operazioni commerciali che possono includere quanto segue: (clicca per espandere)&nbsp;<details class=\"cmplz-dropdown dropdown-privacy-statement\"><summary><div><h3>1.1 Pagamenti<\/h3><\/div><\/summary><p class=\"cmplz-subtitle\">Per questo scopo usiamo i seguenti dati:<\/p><p><ul><li>Nome, Indirizzo e Citt\u00e1<\/li><li>Indirizzo email<\/li><li>Numero di telefono<\/li><li>Altro:<\/li><\/ul><\/p><p class=\"cmplz-indent\">Codice Fiscale e Partita IVA<\/p><p class=\"cmplz-subtitle\">La base con la quale processiamo i dati \u00e8:<\/p><p><a target=\"_blank\" rel=\"noopener noreferrer nofollow\" href=\"https:\/\/cookiedatabase.org\/legal-bases\/#consent\">Su disposizione del consenso.<\/a><\/p><p class=\"cmplz-subtitle\">Periodo di conservazione<\/p><p>Conserviamo questi dati fino al termine del servizio.<\/p><\/details><details class=\"cmplz-dropdown dropdown-privacy-statement\"><summary><div><h3>1.2 Registrazione account<\/h3><\/div><\/summary><p class=\"cmplz-subtitle\">Per questo scopo usiamo i seguenti dati:<\/p><p><ul><li>Indirizzo email<\/li><\/ul><\/p><p class=\"cmplz-subtitle\">La base con la quale processiamo i dati \u00e8:<\/p><p><a target=\"_blank\" rel=\"noopener noreferrer nofollow\" href=\"https:\/\/cookiedatabase.org\/legal-bases\/#consent\">Su disposizione del consenso.<\/a><\/p><p class=\"cmplz-subtitle\">Periodo di conservazione<\/p><p>Conserviamo questi dati fino al termine del servizio.<\/p><\/details><details class=\"cmplz-dropdown dropdown-privacy-statement\"><summary><div><h3>1.3 Newsletter<\/h3><\/div><\/summary><p class=\"cmplz-subtitle\">Per questo scopo usiamo i seguenti dati:<\/p><p><ul><li>Indirizzo email<\/li><\/ul><\/p><p class=\"cmplz-subtitle\">La base con la quale processiamo i dati \u00e8:<\/p><p><a target=\"_blank\" rel=\"noopener noreferrer nofollow\" href=\"https:\/\/cookiedatabase.org\/legal-bases\/#consent\">Su disposizione del consenso.<\/a><\/p><p class=\"cmplz-subtitle\">Periodo di conservazione<\/p><p>Conserviamo questi dati fino al termine del servizio.<\/p><\/details><details class=\"cmplz-dropdown dropdown-privacy-statement\"><summary><div><h3>1.4 Recapiti<\/h3><\/div><\/summary><p class=\"cmplz-subtitle\">Per questo scopo usiamo i seguenti dati:<\/p><p><ul><li>Nome, Indirizzo e Citt\u00e1<\/li><li>Indirizzo email<\/li><li>Altro:<\/li><\/ul><\/p><p class=\"cmplz-indent\">Codice Fiscale o P. IVA<\/p><p class=\"cmplz-subtitle\">La base con la quale processiamo i dati \u00e8:<\/p><p><a target=\"_blank\" rel=\"noopener noreferrer nofollow\" href=\"https:\/\/cookiedatabase.org\/legal-bases\/#consent\">Su disposizione del consenso.<\/a><\/p><p class=\"cmplz-subtitle\">Periodo di conservazione<\/p><p>Conserviamo questi dati fino al termine del servizio.<\/p><\/details><h2>2. Cookies<\/h2><p>Our website uses cookies. For more information about cookies, please refer to our <a href=\"https:\/\/olioleone.com\/shop\/cookie-policy-uk\/\">Cookie Policy<\/a>.&nbsp;<\/p><p>We have concluded a data processing agreement with Google.<\/p><p>Google may not use the data for any other Google services.<\/p><p>The inclusion of full IP addresses is blocked by us.<\/p><h2>3. Security<\/h2><p>We are committed to the security of personal data. We take appropriate security measures to limit abuse of and unauthorised access to personal data. This ensures that only the necessary persons have access to your data, that access to the data is protected, and that our security measures are regularly reviewed.<\/p><h2>4. Third-party websites<\/h2><p>This privacy statement does not apply to third-party websites connected by links on our website. We cannot guarantee that these third parties handle your personal data in a reliable or secure manner. We recommend you read the privacy statements of these websites prior to making use of these websites.<\/p><h2>5. Amendments to this privacy statement<\/h2><p>We reserve the right to make amendments to this privacy statement. It is recommended that you consult this privacy statement regularly in order to be aware of any changes. In addition, we will actively inform you wherever possible.<\/p><h2>6. Accessing and modifying your data<\/h2><p>If you have any questions or want to know which personal data we have about you, please contact us. You can contact us by using the information below. You have the following rights:<\/p><ul>\n                <li>You have the right to know why your personal data is needed, what will happen to it, and how long it will be retained for.<\/li>\n                <li>Right of access: You have the right to access your personal data that is known to us.<\/li>\n                <li>Right to rectification: you have the right to supplement, correct, have deleted or blocked your personal data whenever you wish.<\/li>\n                <li>If you give us your consent to process your data, you have the right to revoke that consent and to have your personal data deleted.<\/li>\n                <li>Right to transfer your data: you have the right to request all your personal data from the controller and transfer it in its entirety to another controller.<\/li>\n                <li>Right to object: you may object to the processing of your data. We comply with this, unless there are justified grounds for processing.<\/li>\n            <\/ul><p>Please make sure to always clearly state who you are, so that we can be certain that we do not modify or delete any data of the wrong person.<\/p><h2>7. Submitting a complaint<\/h2><p>If you are not satisfied with the way in which we handle (a complaint about) the processing of your personal data, you have the right to submit a complaint to the Information Commissioner's Office:<\/p><p>Wycliffe House<br>\n                        Water Lane<br>\n                        Wilmslow<br>\n                        Cheshire<br>\n                        SK9 5AF<\/p><h2>8. Children<\/h2><p>Our website is not designed to attract children and it is not our intent to collect personal data from children under the age of consent in their country of residence. We therefore request that children under the age of consent do not submit any personal data to us.<\/p><h2>9. Contact details<\/h2><p>Oleificio Leone Rita<br>\n        C.da S.Elia Donnici Inferiore, 1<br>\n        Italia<br>\n        Website: <a href=\"https:\/\/olioleone.com\/shop\">https:\/\/olioleone.com\/shop<\/a> <br>\n        Email: <span class=\"cmplz-obfuscate\">mo&#099;&#046;&#x65;noelo&#x69;&#108;&#111;&#064;&#121;cavirp<\/span> <br>\n        Numero di telefono: 3477618851<br><\/p><h2>Annex<\/h2><p><h3>WooCommerce<\/h3>\r\n<div class=\"wp-suggested-text\">\r\n<p class=\"privacy-policy-tutorial\">Questo linguaggio campione include gli elementi di base su raccolta dei dati personali, la memorizzazione e la condivisione, nonch\u00e9 su chi \u00e8 autorizzato ad accedere a tali dati. In base alle impostazioni abilitate e ai plugin aggiuntivi utilizzati, le informazioni specifiche condivise dal nostro negozio possono variare. Ti consigliamo di consultare un legale al momento di decidere quali informazioni divulgare sulla tua informativa sulla privacy.<\/p>\r\nDurante la procedura di pagamento nel nostro negozio raccogliamo informazioni su di te.\r\n<h2>Cosa raccogliamo e salviamo<\/h2>\r\nMentre visiti il nostro sito, tracciamo:\r\n<ul>\r\n \t<li>I prodotti che hai visualizzato: useremo queste informazioni per, ad esempio, mostrarti i prodotti che hai visualizzato di recente<\/li>\r\n \t<li>Posizione, indirizzo IP e tipo di browser: useremo queste informazioni per una stima di imposte e spedizione<\/li>\r\n \t<li>Indirizzo di spedizione: ti chiederemo di inserirlo per, ad esempio, stimare la spedizione prima che tu effettui l\u2019ordine e per inviarti quanto acquistato!<\/li>\r\n<\/ul>\r\nUseremo i cookie anche per tenere traccia del contenuto del carrello mentre stai navigando sul nostro sito.\r\n<p class=\"privacy-policy-tutorial\">Nota: per ulteriori dettagli sulla informativa sui cookie, da qui verrai collegato alla sezione.<\/p>\r\nQuando effettui un acquisto presso di noi, ti invitiamo a fornire informazioni quali nome, indirizzo di fatturazione, indirizzo di spedizione, indirizzo e-mail, numero di telefono, numero di carta di credito\/dettagli del pagamento e informazioni opzionali sull\u2019account, come il nome utente e la password. Useremo queste informazioni per scopi quali:\r\n<ul>\r\n \t<li>Ti inviamo informazioni sull\u2019account e sull\u2019ordine<\/li>\r\n \t<li>Rispondiamo alle tue richieste, inclusi reclami e rimborsi<\/li>\r\n \t<li>Elaborazione dei pagamenti e prevenzione delle frodi<\/li>\r\n \t<li>Configura il tuo account per il nostro negozio<\/li>\r\n \t<li>Rispetta tutti gli obblighi legali a nostro carico, come il calcolo delle imposte<\/li>\r\n \t<li>Migliora le offerte del nostro negozio<\/li>\r\n \t<li>Invio di messaggi di marketing, se scegli di riceverli<\/li>\r\n<\/ul>\r\nSe crei un account, archivieremo il tuo nome, indirizzo, email e numero di telefono: questi dati verranno poi usati per popolare la cassa nei tuoi ordini futuri.\r\n\r\nIn generale conserviamo le tue informazioni finch\u00e9 ne abbiamo bisogno per le finalit\u00e0 per le quali raccogliamo e utilizziamo i dati e finch\u00e9 siamo legalmente tenuti a continuare a mantenerli. Ad esempio, archiviamo le informazioni sull\u2019ordine per XXX anni per ragioni fiscali e di contabilit\u00e0. Tali informazioni includono nome, indirizzo e-mail e indirizzi di fatturazione e spedizione.\r\n\r\nArchiviamo anche commenti e recensioni, se scegli di lasciarceli.\r\n<h2>Persone del nostro team che hanno accesso<\/h2>\r\nI membri del nostro team hanno accesso alle informazioni che ci fornisci. Per esempio, sia gli amministratori che gli shop manager possono accedere a:\r\n<ul>\r\n \t<li>Informazioni sull\u2019ordine quali, oggetto acquistato, data di acquisto e luogo di spedizione e<\/li>\r\n \t<li>Informazioni sul cliente come il tuo nome, indirizzo email e informazioni di fatturazione e spedizione.<\/li>\r\n<\/ul>\r\nI membri del nostro team hanno accesso a queste informazioni per aiutare a soddisfare gli ordini, elaborare i rimborsi e supportarti.\r\n<h2>Cosa condividiamo con gli altri<\/h2>\r\n<p class=\"privacy-policy-tutorial\">In questa sezione devi elencare con chi condividi i dati e a quale scopo. Potrebbero includere, ma non limitarsi a questo, analisi, marketing, gateway di pagamento, fornitori di spedizioni e incorporazioni di terze parti.<\/p>\r\nCondividiamo le informazioni con terze parti che ci aiutano a fornire servizi del negozio e per gli ordini; ad esempio --\r\n<h3>Pagamenti<\/h3>\r\n<p class=\"privacy-policy-tutorial\">In questa sezione secondaria, devi elencare i processori di pagamento di terze parti che utilizzi per i pagamenti sul tuo negozio poich\u00e9 questi potrebbero gestire i dati dei clienti. Abbiamo incluso PayPal come esempio, ma se non usi PayPal puoi rimuoverlo.<\/p>\r\nAccettiamo pagamenti tramite PayPal. Durante l'elaborazione dei pagamenti, alcuni dati vengono trasferiti a PayPal, incluse le informazioni necessarie per elaborare o supportare il pagamento, come il totale degli acquisti e i dati di fatturazione.\r\n\r\nPer ulteriori dettagli, consulta la <a href=\"https:\/\/www.paypal.com\/us\/webapps\/mpp\/ua\/privacy-full\"> privacy policy di PayPal <\/a>.\r\n\r\n<\/div>\r\n<h3>Complianz | The Privacy Suite for WordPress<\/h3>\r\nQuesto sito web utilizza la Privacy Suite per WordPress di Complianz per raccogliere e registrare il consenso basato su browser e dispositivi. Per questa funzionalit\u00e0, il tuo indirizzo IP viene anonimizzato e conservato nel nostro database.\u00a0Questo servizio non tratta alcuna informazione personale identificabile e non condivide alcun dato con il fornitore del servizio.\u00a0Per ulteriori informazioni, vedere la <a href=\"https:\/\/complianz.io\/legal\/privacy-statement\/\">Dichiarazione sulla Privacy<\/a> di Complianz.\r\n<h3>MailChimp for WooCommerce<\/h3>\r\nQuando acquisti, conserviamo una registrazione della tua email e del contenuto del carrello per un massimo di 30 giorni sul nostro server. Questo record viene conservato per ripopolare il contenuto del tuo carrello se cambi dispositivo o se hai bisogno di tornare un altro giorno. Leggi la nostra politica sulla privacy <a href=\"https:\/\/mailchimp.com\/legal\/privacy\/\">qui<\/a>.\r\n<h3>Amazon Pay &amp; Login with Amazon<\/h3>\r\nUtilizzando questa estensione, potresti archiviare dati personali o condividere dati con un servizio esterno. <a href=\"https:\/\/docs.woocommerce.com\/document\/privacy-payments\/#woocommerce-gateway-amazon-payments-advanced\" target=\"_blank\" rel=\"noopener\">\r\nScopri di pi\u00f9 su come funziona, incluso ci\u00f2 che potresti voler includere nella tua politica sulla privacy.<\/a>\r\n<h3>Loco Translate<\/h3>\r\nQuesto plugin non raccoglie alcun dato dai visitatori del sito web pubblico.\r\nAmministratori e revisori potrebbero voler rivedere l'<a href=\"https:\/\/localise.biz\/wordpress\/plugin\/privacy\">informativa sulla privacy del plugin<\/a> di Loco.\r\n<h3>Slider Revolution<\/h3>\r\n<h2>Nel caso in cui utilizzi Google Web Fonts (impostazione predefinita) o riproduci video o suoni tramite YouTube o Vimeo in Slider Revolution, ti consigliamo di aggiungere la frase di testo corrispondente alla tua privacy policy:<\/h2>\r\n<h3>YouTube<\/h3>\r\nIl nostro sito web utilizza plugin di YouTube, che \u00e8 gestito da Google. Il gestore delle pagine \u00e8 YouTube LLC, 901 Cherry Ave., San Bruno, CA 94066, USA.\r\n\r\nSe visiti una delle nostre pagine con un plug-in di YouTube, viene stabilita una connessione ai server di YouTube. Qui il server di YouTube viene informato su quale delle nostre pagine hai visitato.\r\n\r\nSe hai effettuato l'accesso al tuo account YouTube, YouTube ti consente di associare il tuo comportamento di navigazione direttamente al tuo profilo personale. Puoi impedirlo effettuando il logout dal tuo account YouTube.\r\n\r\nYouTube viene utilizzato per contribuire a rendere attraente il nostro sito web. Ci\u00f2 costituisce un legittimo interesse ai sensi dell'art. 6 (1) (f) DSGVO.\r\n\r\nUlteriori informazioni sulla gestione dei dati dell'utente sono disponibili nella dichiarazione sulla protezione dei dati di YouTube sotto <a href=\"https:\/\/www.google.de\/intl\/de\/policies\/privacy\" target=\"_blank\" rel=\"noopener\">https:\/\/www.google.de\/intl\/de\/policies\/privacy<\/a>.\r\n<h3>Vimeo<\/h3>\r\nIl nostro sito Web utilizza le funzionalit\u00e0 fornite dal portale video Vimeo. Questo servizio \u00e8 fornito da Vimeo Inc., 555 West 18th Street, New York, New York 10011, USA.\r\n\r\nSe visiti una delle nostre pagine con un plug-in Vimeo, viene stabilita una connessione ai server Vimeo. Qui il server Vimeo viene informato su quale delle nostre pagine hai visitato. Inoltre, Vimeo ricever\u00e0 il tuo indirizzo IP. Questo vale anche se non hai effettuato l'accesso a Vimeo quando visiti il \u200b\u200bnostro plugin o non hai un account Vimeo. Le informazioni vengono trasmesse a un server Vimeo negli Stati Uniti, dove vengono archiviate.\r\n\r\nSe hai effettuato l'accesso al tuo account Vimeo, Vimeo ti consente di associare il tuo comportamento di navigazione direttamente al tuo profilo personale. Puoi impedirlo disconnettendoti dal tuo account Vimeo.\r\n\r\nPer ulteriori informazioni su come gestire i dati dell'utente, fare riferimento all'Informativa sulla privacy di Vimeo all'indirizzo\r\n<a href=\"https:\/\/vimeo.com\/privacy\" target=\"_blank\" rel=\"noopener\">https:\/\/vimeo.com\/privacy<\/a>.\r\n<h3>Google Web Fonts<\/h3>\r\nPer una rappresentazione uniforme dei caratteri, questa pagina utilizza i caratteri web forniti da Google. Quando apri una pagina, il tuo browser carica i caratteri web richiesti nella cache del browser per visualizzare correttamente testi e caratteri.\r\n\r\nA tal fine il tuo browser deve stabilire una connessione diretta ai server di Google. Google viene cos\u00ec a conoscenza che la nostra pagina web \u00e8 stata visitata tramite il tuo indirizzo IP. L'uso dei caratteri Web di Google viene effettuato nell'interesse di una presentazione uniforme e attraente del nostro plugin. Ci\u00f2 costituisce un legittimo interesse ai sensi dell'art. 6 (1) (f) DSGVO.\r\n\r\nSe il tuo browser non supporta i caratteri web, il tuo computer utilizza un carattere standard.\r\n\r\nUlteriori informazioni sulla gestione dei dati dell'utente sono disponibili su\r\n<a href=\"https:\/\/developers.google.com\/fonts\/faq\" target=\"_blank\" rel=\"noopener\">https:\/\/developers.google.com\/fonts\/faq<\/a> e nell'informativa sulla privacy di Google su <a href=\"https:\/\/www.google.com\/policies\/privacy\/\" target=\"_blank\" rel=\"noopener\">https:\/\/www.google.com\/policies\/privacy\/<\/a>.\r\n<h3>SoundCloud<\/h3>\r\nSulle nostre pagine possono essere integrati plugin del social network SoundCloud (SoundCloud Limited, Berners House, 47-48 Berners Street, London W1T 3NF, UK). I plugin SoundCloud sono riconoscibili dal logo SoundCloud sul nostro sito.\r\n\r\nQuando visiti il \u200b\u200bnostro sito, tramite il plugin viene stabilita una connessione diretta tra il tuo browser e il server SoundCloud. Ci\u00f2 consente a SoundCloud di ricevere informazioni che hai visitato il nostro sito dal tuo indirizzo IP. Se fai clic sui pulsanti \"Mi piace\" o \"Condividi\" mentre sei connesso al tuo account SoundCloud, puoi collegare il contenuto delle nostre pagine al tuo profilo SoundCloud. Ci\u00f2 significa che SoundCloud pu\u00f2 associare le visite alle nostre pagine al tuo account utente. Ci teniamo a precisare che, in qualit\u00e0 di provider di queste pagine, non siamo a conoscenza del contenuto dei dati trasmessi n\u00e9 di come verranno utilizzati da SoundCloud. Per ulteriori informazioni sulla politica sulla privacy di SoundCloud, vai su https:\/\/soundcloud.com\/pages\/privacy.\r\n\r\nIIf you do not want SoundCloud to associate your visit to our site with your SoundCloud account, please log out of your SoundCloud account.<\/p><\/div><\/div>\n\t\t\t\t<\/div>\n\t\t\t\t<\/div>\n\t\t\t\t\t<\/div>\n\t\t<\/div>\n\t\t\t\t\t\t\t<\/div>\n\t\t<\/section>\n\t\t\t\t\t\t<\/div>\n\t\t\t\t\t<\/div>\n\t\t","protected":false},"excerpt":{"rendered":"","protected":false},"author":1,"featured_media":0,"parent":0,"menu_order":0,"comment_status":"closed","ping_status":"closed","template":"","meta":{"spay_email":""},"_links":{"self":[{"href":"https:\/\/olioleone.com\/shop\/wp-json\/wp\/v2\/pages\/5740"}],"collection":[{"href":"https:\/\/olioleone.com\/shop\/wp-json\/wp\/v2\/pages"}],"about":[{"href":"https:\/\/olioleone.com\/shop\/wp-json\/wp\/v2\/types\/page"}],"author":[{"embeddable":true,"href":"https:\/\/olioleone.com\/shop\/wp-json\/wp\/v2\/users\/1"}],"replies":[{"embeddable":true,"href":"https:\/\/olioleone.com\/shop\/wp-json\/wp\/v2\/comments?post=5740"}],"version-history":[{"count":4,"href":"https:\/\/olioleone.com\/shop\/wp-json\/wp\/v2\/pages\/5740\/revisions"}],"predecessor-version":[{"id":5744,"href":"https:\/\/olioleone.com\/shop\/wp-json\/wp\/v2\/pages\/5740\/revisions\/5744"}],"wp:attachment":[{"href":"https:\/\/olioleone.com\/shop\/wp-json\/wp\/v2\/media?parent=5740"}],"curies":[{"name":"wp","href":"https:\/\/api.w.org\/{rel}","templated":true}]}}